{"id":27,"date":"2024-02-04T14:06:38","date_gmt":"2024-02-04T14:06:38","guid":{"rendered":"https:\/\/theaguateques.com\/?page_id=27"},"modified":"2025-05-09T11:10:24","modified_gmt":"2025-05-09T11:10:24","slug":"about","status":"publish","type":"page","link":"https:\/\/theaguateques.com\/es\/about\/","title":{"rendered":"About"},"content":{"rendered":"<div data-elementor-type=\"wp-page\" data-elementor-id=\"27\" class=\"elementor elementor-27\">\n\t\t\t\t\t\t\t<div class=\"elementor-element elementor-element-334094de e-flex e-con-boxed e-con e-parent\" data-id=\"334094de\" data-element_type=\"container\" data-settings=\"{&quot;background_background&quot;:&quot;classic&quot;,&quot;content_width&quot;:&quot;boxed&quot;}\" data-core-v316-plus=\"true\">\n\t\t\t\t\t<div class=\"e-con-inner\">\n\t\t<div class=\"elementor-element elementor-element-148a244 e-con-full e-flex e-con e-child\" data-id=\"148a244\" data-element_type=\"container\" data-settings=\"{&quot;content_width&quot;:&quot;full&quot;}\">\n\t\t\t\t<div class=\"elementor-element elementor-element-3018fa33 animated-fast elementor-invisible elementor-widget elementor-widget-heading\" data-id=\"3018fa33\" data-element_type=\"widget\" data-settings=\"{&quot;_animation&quot;:&quot;fadeInUp&quot;}\" data-widget_type=\"heading.default\">\n\t\t\t\t<div class=\"elementor-widget-container\">\n\t\t\t<style>\/*! elementor - v3.17.0 - 08-11-2023 *\/\n.elementor-heading-title{padding:0;margin:0;line-height:1}.elementor-widget-heading .elementor-heading-title[class*=elementor-size-]>a{color:inherit;font-size:inherit;line-height:inherit}.elementor-widget-heading .elementor-heading-title.elementor-size-small{font-size:15px}.elementor-widget-heading .elementor-heading-title.elementor-size-medium{font-size:19px}.elementor-widget-heading .elementor-heading-title.elementor-size-large{font-size:29px}.elementor-widget-heading .elementor-heading-title.elementor-size-xl{font-size:39px}.elementor-widget-heading .elementor-heading-title.elementor-size-xxl{font-size:59px}<\/style><span class=\"elementor-heading-title elementor-size-default\">Biograf\u00eda<\/span>\t\t<\/div>\n\t\t\t\t<\/div>\n\t\t\t\t<div class=\"elementor-element elementor-element-485b6f18 animated-fast elementor-invisible elementor-widget elementor-widget-heading\" data-id=\"485b6f18\" data-element_type=\"widget\" data-settings=\"{&quot;_animation&quot;:&quot;fadeInUp&quot;,&quot;_animation_delay&quot;:200}\" data-widget_type=\"heading.default\">\n\t\t\t\t<div class=\"elementor-widget-container\">\n\t\t\t<h1 class=\"elementor-heading-title elementor-size-default\">Con\u00f3cenos<\/h1>\t\t<\/div>\n\t\t\t\t<\/div>\n\t\t\t\t<\/div>\n\t\t\t\t\t<\/div>\n\t\t\t\t<\/div>\n\t\t<div class=\"elementor-element elementor-element-66eca13f e-flex e-con-boxed e-con e-parent\" data-id=\"66eca13f\" data-element_type=\"container\" data-settings=\"{&quot;content_width&quot;:&quot;boxed&quot;}\" data-core-v316-plus=\"true\">\n\t\t\t\t\t<div class=\"e-con-inner\">\n\t\t<div class=\"elementor-element elementor-element-3dcce3a7 e-con-full e-flex e-con e-child\" data-id=\"3dcce3a7\" data-element_type=\"container\" data-settings=\"{&quot;content_width&quot;:&quot;full&quot;}\">\n\t\t<div class=\"elementor-element elementor-element-69b26344 animated-fast e-con-full e-flex elementor-invisible e-con e-child\" data-id=\"69b26344\" data-element_type=\"container\" data-settings=\"{&quot;animation&quot;:&quot;fadeInUp&quot;,&quot;animation_delay&quot;:200,&quot;content_width&quot;:&quot;full&quot;}\">\n\t\t\t\t<div class=\"elementor-element elementor-element-7e146e2c elementor-widget elementor-widget-text-editor\" data-id=\"7e146e2c\" data-element_type=\"widget\" data-widget_type=\"text-editor.default\">\n\t\t\t\t<div class=\"elementor-widget-container\">\n\t\t\t<style>\/*! elementor - v3.17.0 - 08-11-2023 *\/\n.elementor-widget-text-editor.elementor-drop-cap-view-stacked .elementor-drop-cap{background-color:#69727d;color:#fff}.elementor-widget-text-editor.elementor-drop-cap-view-framed .elementor-drop-cap{color:#69727d;border:3px solid;background-color:transparent}.elementor-widget-text-editor:not(.elementor-drop-cap-view-default) .elementor-drop-cap{margin-top:8px}.elementor-widget-text-editor:not(.elementor-drop-cap-view-default) .elementor-drop-cap-letter{width:1em;height:1em}.elementor-widget-text-editor .elementor-drop-cap{float:left;text-align:center;line-height:1;font-size:50px}.elementor-widget-text-editor .elementor-drop-cap-letter{display:inline-block}<\/style>\t\t\t\t<p>The Aguateques es una banda de versiones vilanovina que se caracteriza por tener un directo de <strong>2:30h de pura energ\u00eda<\/strong> arriba del escenario. Un directo de gran calidad, producido por GAMBEAT, bajista de los legendarios MANU CHAO y productor de grupos como LA PEGATINA, hacen de The Aguateques un <strong>grupo \u00fanico, din\u00e1mico y especial.<\/strong><\/p><p>Con una cuidada puesta en escena donde se mezcla el espect\u00e1culo visual y musical, la calidad de sus componentes y un <strong>amplio repertorio en formato popurri<\/strong>, desde los temas m\u00e1s cl\u00e1sicos hasta el electro-lat\u00edn actual, pasando por el Ska, Rock, Funk, Rumba Catalana, siempre con su estilo caracter\u00edstico, los Aguateques se desmarcan de lo que ofrecen otros grupos de versiones, marcando un <strong>fuerte estilo propio<\/strong> que les ha hecho recorrer con \u00e9xito toda Catalu\u00f1a, franja de poniente y Andorra. Nada da igual despu\u00e9s de un concierto suyo.<\/p>\t\t\t\t\t\t<\/div>\n\t\t\t\t<\/div>\n\t\t\t\t<div class=\"elementor-element elementor-element-20f8b8ab elementor-widget elementor-widget-heading\" data-id=\"20f8b8ab\" data-element_type=\"widget\" data-widget_type=\"heading.default\">\n\t\t\t\t<div class=\"elementor-widget-container\">\n\t\t\t<h3 class=\"elementor-heading-title elementor-size-default\">S\u00edguenos en las redes:<\/h3>\t\t<\/div>\n\t\t\t\t<\/div>\n\t\t\t\t<div class=\"elementor-element elementor-element-21fbb7d3 elementor-shape-rounded elementor-grid-0 e-grid-align-center elementor-widget elementor-widget-social-icons\" data-id=\"21fbb7d3\" data-element_type=\"widget\" data-widget_type=\"social-icons.default\">\n\t\t\t\t<div class=\"elementor-widget-container\">\n\t\t\t<style>\/*! elementor - v3.17.0 - 08-11-2023 *\/\n.elementor-widget-social-icons.elementor-grid-0 .elementor-widget-container,.elementor-widget-social-icons.elementor-grid-mobile-0 .elementor-widget-container,.elementor-widget-social-icons.elementor-grid-tablet-0 .elementor-widget-container{line-height:1;font-size:0}.elementor-widget-social-icons:not(.elementor-grid-0):not(.elementor-grid-tablet-0):not(.elementor-grid-mobile-0) .elementor-grid{display:inline-grid}.elementor-widget-social-icons .elementor-grid{grid-column-gap:var(--grid-column-gap,5px);grid-row-gap:var(--grid-row-gap,5px);grid-template-columns:var(--grid-template-columns);justify-content:var(--justify-content,center);justify-items:var(--justify-content,center)}.elementor-icon.elementor-social-icon{font-size:var(--icon-size,25px);line-height:var(--icon-size,25px);width:calc(var(--icon-size, 25px) + (2 * var(--icon-padding, .5em)));height:calc(var(--icon-size, 25px) + (2 * var(--icon-padding, .5em)))}.elementor-social-icon{--e-social-icon-icon-color:#fff;display:inline-flex;background-color:#69727d;align-items:center;justify-content:center;text-align:center;cursor:pointer}.elementor-social-icon i{color:var(--e-social-icon-icon-color)}.elementor-social-icon svg{fill:var(--e-social-icon-icon-color)}.elementor-social-icon:last-child{margin:0}.elementor-social-icon:hover{opacity:.9;color:#fff}.elementor-social-icon-android{background-color:#a4c639}.elementor-social-icon-apple{background-color:#999}.elementor-social-icon-behance{background-color:#1769ff}.elementor-social-icon-bitbucket{background-color:#205081}.elementor-social-icon-codepen{background-color:#000}.elementor-social-icon-delicious{background-color:#39f}.elementor-social-icon-deviantart{background-color:#05cc47}.elementor-social-icon-digg{background-color:#005be2}.elementor-social-icon-dribbble{background-color:#ea4c89}.elementor-social-icon-elementor{background-color:#d30c5c}.elementor-social-icon-envelope{background-color:#ea4335}.elementor-social-icon-facebook,.elementor-social-icon-facebook-f{background-color:#3b5998}.elementor-social-icon-flickr{background-color:#0063dc}.elementor-social-icon-foursquare{background-color:#2d5be3}.elementor-social-icon-free-code-camp,.elementor-social-icon-freecodecamp{background-color:#006400}.elementor-social-icon-github{background-color:#333}.elementor-social-icon-gitlab{background-color:#e24329}.elementor-social-icon-globe{background-color:#69727d}.elementor-social-icon-google-plus,.elementor-social-icon-google-plus-g{background-color:#dd4b39}.elementor-social-icon-houzz{background-color:#7ac142}.elementor-social-icon-instagram{background-color:#262626}.elementor-social-icon-jsfiddle{background-color:#487aa2}.elementor-social-icon-link{background-color:#818a91}.elementor-social-icon-linkedin,.elementor-social-icon-linkedin-in{background-color:#0077b5}.elementor-social-icon-medium{background-color:#00ab6b}.elementor-social-icon-meetup{background-color:#ec1c40}.elementor-social-icon-mixcloud{background-color:#273a4b}.elementor-social-icon-odnoklassniki{background-color:#f4731c}.elementor-social-icon-pinterest{background-color:#bd081c}.elementor-social-icon-product-hunt{background-color:#da552f}.elementor-social-icon-reddit{background-color:#ff4500}.elementor-social-icon-rss{background-color:#f26522}.elementor-social-icon-shopping-cart{background-color:#4caf50}.elementor-social-icon-skype{background-color:#00aff0}.elementor-social-icon-slideshare{background-color:#0077b5}.elementor-social-icon-snapchat{background-color:#fffc00}.elementor-social-icon-soundcloud{background-color:#f80}.elementor-social-icon-spotify{background-color:#2ebd59}.elementor-social-icon-stack-overflow{background-color:#fe7a15}.elementor-social-icon-steam{background-color:#00adee}.elementor-social-icon-stumbleupon{background-color:#eb4924}.elementor-social-icon-telegram{background-color:#2ca5e0}.elementor-social-icon-thumb-tack{background-color:#1aa1d8}.elementor-social-icon-tripadvisor{background-color:#589442}.elementor-social-icon-tumblr{background-color:#35465c}.elementor-social-icon-twitch{background-color:#6441a5}.elementor-social-icon-twitter{background-color:#1da1f2}.elementor-social-icon-viber{background-color:#665cac}.elementor-social-icon-vimeo{background-color:#1ab7ea}.elementor-social-icon-vk{background-color:#45668e}.elementor-social-icon-weibo{background-color:#dd2430}.elementor-social-icon-weixin{background-color:#31a918}.elementor-social-icon-whatsapp{background-color:#25d366}.elementor-social-icon-wordpress{background-color:#21759b}.elementor-social-icon-xing{background-color:#026466}.elementor-social-icon-yelp{background-color:#af0606}.elementor-social-icon-youtube{background-color:#cd201f}.elementor-social-icon-500px{background-color:#0099e5}.elementor-shape-rounded .elementor-icon.elementor-social-icon{border-radius:10%}.elementor-shape-circle .elementor-icon.elementor-social-icon{border-radius:50%}<\/style>\t\t<div class=\"elementor-social-icons-wrapper elementor-grid\">\n\t\t\t\t\t\t\t<span class=\"elementor-grid-item\">\n\t\t\t\t\t<a class=\"elementor-icon elementor-social-icon elementor-social-icon-instagram elementor-repeater-item-282e505\" href=\"https:\/\/www.instagram.com\/the_aguateques\/\" target=\"_blank\" rel=\"noopener\">\n\t\t\t\t\t\t<span class=\"elementor-screen-only\">Instagram<\/span>\n\t\t\t\t\t\t<i class=\"fab fa-instagram\"><\/i>\t\t\t\t\t<\/a>\n\t\t\t\t<\/span>\n\t\t\t\t\t\t\t<span class=\"elementor-grid-item\">\n\t\t\t\t\t<a class=\"elementor-icon elementor-social-icon elementor-social-icon-youtube elementor-repeater-item-217b048\" href=\"https:\/\/www.youtube.com\/channel\/UCuQoteEHTWqf13va8U23Edw\" target=\"_blank\" rel=\"noopener\">\n\t\t\t\t\t\t<span class=\"elementor-screen-only\">Youtube<\/span>\n\t\t\t\t\t\t<i class=\"fab fa-youtube\"><\/i>\t\t\t\t\t<\/a>\n\t\t\t\t<\/span>\n\t\t\t\t\t\t\t<span class=\"elementor-grid-item\">\n\t\t\t\t\t<a class=\"elementor-icon elementor-social-icon elementor-social-icon-envelope elementor-repeater-item-4a10c07\" href=\"mailto:the.aguateques@gmail.com\" target=\"_blank\">\n\t\t\t\t\t\t<span class=\"elementor-screen-only\">Envelope<\/span>\n\t\t\t\t\t\t<i class=\"fas fa-envelope\"><\/i>\t\t\t\t\t<\/a>\n\t\t\t\t<\/span>\n\t\t\t\t\t<\/div>\n\t\t\t\t<\/div>\n\t\t\t\t<\/div>\n\t\t\t\t<\/div>\n\t\t\t\t<\/div>\n\t\t\t\t\t<\/div>\n\t\t\t\t<\/div>\n\t\t<div class=\"elementor-element elementor-element-6c4a7f4 e-flex e-con-boxed e-con e-parent\" data-id=\"6c4a7f4\" data-element_type=\"container\" data-settings=\"{&quot;content_width&quot;:&quot;boxed&quot;}\" data-core-v316-plus=\"true\">\n\t\t\t\t\t<div class=\"e-con-inner\">\n\t\t\t\t<div class=\"elementor-element elementor-element-c8d505e elementor-widget elementor-widget-heading\" data-id=\"c8d505e\" data-element_type=\"widget\" data-widget_type=\"heading.default\">\n\t\t\t\t<div class=\"elementor-widget-container\">\n\t\t\t<h2 class=\"elementor-heading-title elementor-size-default\">LA HISTORIA DE THE AGUATEQUES<\/h2>\t\t<\/div>\n\t\t\t\t<\/div>\n\t\t\t\t\t<\/div>\n\t\t\t\t<\/div>\n\t\t<div class=\"elementor-element elementor-element-de82d0f e-flex e-con-boxed e-con e-parent\" data-id=\"de82d0f\" data-element_type=\"container\" data-settings=\"{&quot;content_width&quot;:&quot;boxed&quot;}\" data-core-v316-plus=\"true\">\n\t\t\t\t\t<div class=\"e-con-inner\">\n\t\t\t\t<div class=\"elementor-element elementor-element-6b5f9bb elementor-widget elementor-widget-text-editor\" data-id=\"6b5f9bb\" data-element_type=\"widget\" data-widget_type=\"text-editor.default\">\n\t\t\t\t<div class=\"elementor-widget-container\">\n\t\t\t\t\t\t\t<p><strong>El nacimiento de una leyenda<\/strong><\/p><p>Dice la leyenda que hay momentos en la vida en los que una peque\u00f1a decisi\u00f3n puede cambiar el curso de la historia. Que existen situaciones en las que una energ\u00eda superior gu\u00eda el esp\u00edritu humano hacia la raz\u00f3n, la belleza y la verdad. Que todo ocurre por algo, y que, como si de un gui\u00f3n ya escrito se tratara, esa concatenaci\u00f3n de actos que llamamos vida sucede de forma inevitable, imposible de ser de otra forma. \u00c9sta es nuestra historia.<\/p><p>Corr\u00eda el verano del 2008. Entre el humo de barbacoas, cervezas frescas y otras drogas legales, un grupo de amigos pronuncia la frase que cambiar\u00eda para siempre el devenir de Espa\u00f1a: \u201c\u00bfA que no hay huevos de montar un grupo de versiones entre nosotros?\u201d<br \/>Este &quot;entre nosotros&quot; hac\u00eda referencia a la uni\u00f3n de dos proyectos ya existentes: un grupo de heavy metal y uno de blues. De esta mezcla explosiva naci\u00f3 The Aguateques, sin m\u00e1s pretensi\u00f3n que juntar a unos adolescentes versionando canciones totalmente alejadas de sus estilos originales.<\/p><p><strong>El largo letargo<\/strong><br \/>Los a\u00f1os fueron pasando entre conciertos privados, bodas, fiestas de barrio, actuaciones multitudinarias y resacas legendarias. La situaci\u00f3n personal de cada miembro hizo que el proyecto quedara aparcado, flotando sin rumbo fijo. Parec\u00eda el final de la historia\u2026 pero a\u00fan quedaba mucho por escribir.<\/p><p><strong>El despertar<\/strong><br \/>En 2016 ocurri\u00f3 algo. Un revulsivo. Un extra\u00f1o momento despert\u00f3 en el interior de cada uno, un murmullo, una sensaci\u00f3n sin nombre. La hora hab\u00eda llegado. Las condiciones eran perfectas, as\u00ed que The Aguateques resurgi\u00f3 con mayor fuerza que nunca: con una cantante femenina como l\u00edder \u2014algo in\u00e9dito hasta la fecha en los grupos de Catalunya\u2014, una secci\u00f3n de vientos y percusi\u00f3n latina, una apuesta feroz por la m\u00fasica 100% en directo y un poderoso toque de rock and roll como carta.<\/p><p><strong>La ascensi\u00f3n<\/strong><br \/>Desde 2016, la trayectoria fue un despegue imparable\u2026 hasta que una pandemia mundial dilapid\u00f3 la l\u00ednea de flotaci\u00f3n del proyecto. Fueron tiempos duros. Pero el grupo se mantuvo unido y volvi\u00f3 m\u00e1s fuerte que nunca. Prueba de ello: los casi 40 conciertos de su Summer Beach Tour 2023, recorriendo Catalu\u00f1a, Valencia, Arag\u00f3n y Andorra, ya con una segunda cantante en la formaci\u00f3n y un directo producido por Gambeat (bajista de Manu Chao y productor del Adhesivo), consiguiendo un espect\u00e1culo musical \u00fanico.<br \/>El \u00e9xito no pas\u00f3 desapercibido para promotoras y agencias de management, que empezaron a llamar a su puerta. Tras arduas deliberaciones, a finales de 2023, The Aguateques anunci\u00f3 su incorporaci\u00f3n a Exits Management, agencia de referencia en el panorama catal\u00e1n, responsable de artistas como Oques Grasses, Els Catarres o Stay Homas.<\/p><p><strong>La conquista<\/strong><br \/>En 2024 supuso la confirmaci\u00f3n definitiva de la banda como referente en el circuito de versiones catal\u00e1n, consolidando y ampliando fronteras durante el Tsunami Tour 2024, que les llev\u00f3 a conquistar tambi\u00e9n Castilla y Madrid.<\/p><p><strong>El presente y el futuro<\/strong><br \/>As\u00ed llegamos a 2025. Inconformistas por naturaleza, obsesionados con ofrecer siempre algo \u00fanico, The Aguateques presenta su Tic Tac Tour 2025, una gira pensada para hacer vibrar todos los sentidos: cada rayo de luz, cada nota musical, cada gramo de confeti est\u00e1 dise\u00f1ado con un \u00fanico objetivo: nunca ofrecer algo que nunca.<\/p>\t\t\t\t\t\t<\/div>\n\t\t\t\t<\/div>\n\t\t\t\t\t<\/div>\n\t\t\t\t<\/div>\n\t\t<div class=\"elementor-element elementor-element-3bf005a1 headline transparent e-con-full e-flex e-con e-parent\" data-id=\"3bf005a1\" data-element_type=\"container\" data-settings=\"{&quot;background_background&quot;:&quot;classic&quot;,&quot;content_width&quot;:&quot;full&quot;}\" data-core-v316-plus=\"true\">\n\t\t<div class=\"elementor-element elementor-element-4a0e833b e-con-full e-flex e-con e-child\" data-id=\"4a0e833b\" data-element_type=\"container\" data-settings=\"{&quot;content_width&quot;:&quot;full&quot;}\">\n\t\t\t\t<div class=\"elementor-element elementor-element-cbba67f elementor-widget__width-initial elementor-widget elementor-widget-heading\" data-id=\"cbba67f\" data-element_type=\"widget\" data-widget_type=\"heading.default\">\n\t\t\t\t<div class=\"elementor-widget-container\">\n\t\t\t<h1 class=\"elementor-heading-title elementor-size-default\"><a href=\"https:\/\/theaguateques.com\/es\/\">THE AGUATECAS<\/a><\/h1>\t\t<\/div>\n\t\t\t\t<\/div>\n\t\t\t\t<div class=\"elementor-element elementor-element-697ee176 elementor-shape-rounded elementor-grid-0 e-grid-align-center elementor-widget elementor-widget-social-icons\" data-id=\"697ee176\" data-element_type=\"widget\" data-widget_type=\"social-icons.default\">\n\t\t\t\t<div class=\"elementor-widget-container\">\n\t\t\t\t\t<div class=\"elementor-social-icons-wrapper elementor-grid\">\n\t\t\t\t\t\t\t<span class=\"elementor-grid-item\">\n\t\t\t\t\t<a class=\"elementor-icon elementor-social-icon elementor-social-icon-instagram elementor-repeater-item-282e505\" href=\"https:\/\/www.instagram.com\/the_aguateques\/\" target=\"_blank\" rel=\"noopener\">\n\t\t\t\t\t\t<span class=\"elementor-screen-only\">Instagram<\/span>\n\t\t\t\t\t\t<i class=\"fab fa-instagram\"><\/i>\t\t\t\t\t<\/a>\n\t\t\t\t<\/span>\n\t\t\t\t\t\t\t<span class=\"elementor-grid-item\">\n\t\t\t\t\t<a class=\"elementor-icon elementor-social-icon elementor-social-icon-youtube elementor-repeater-item-217b048\" href=\"https:\/\/www.youtube.com\/channel\/UCuQoteEHTWqf13va8U23Edw\" target=\"_blank\" rel=\"noopener\">\n\t\t\t\t\t\t<span class=\"elementor-screen-only\">Youtube<\/span>\n\t\t\t\t\t\t<i class=\"fab fa-youtube\"><\/i>\t\t\t\t\t<\/a>\n\t\t\t\t<\/span>\n\t\t\t\t\t\t\t<span class=\"elementor-grid-item\">\n\t\t\t\t\t<a class=\"elementor-icon elementor-social-icon elementor-social-icon-envelope elementor-repeater-item-4a10c07\" href=\"mailto:the.aguateques@gmail.com\" target=\"_blank\">\n\t\t\t\t\t\t<span class=\"elementor-screen-only\">Envelope<\/span>\n\t\t\t\t\t\t<i class=\"fas fa-envelope\"><\/i>\t\t\t\t\t<\/a>\n\t\t\t\t<\/span>\n\t\t\t\t\t<\/div>\n\t\t\t\t<\/div>\n\t\t\t\t<\/div>\n\t\t\t\t<\/div>\n\t\t\t\t<\/div>\n\t\t\t\t\t\t\t<\/div>","protected":false},"excerpt":{"rendered":"<p>Biograf\u00eda Con\u00f3cenos The Aguateques es una banda de versiones vilanovina que se caracteriza por tener un directo de 2:30h de pura energ\u00eda arriba del escenario. Un directo de gran calidad, producido por GAMBEAT, bajista de los legendarios MANU CHAO y productor de grupos como LA PEGATINA, hacen de The Aguateques un grupo \u00fanico, din\u00e1mico y [\u2026]<\/p>","protected":false},"author":1,"featured_media":0,"parent":0,"menu_order":0,"comment_status":"closed","ping_status":"closed","template":"","meta":{"footnotes":""},"class_list":["post-27","page","type-page","status-publish","hentry"],"_links":{"self":[{"href":"https:\/\/theaguateques.com\/es\/wp-json\/wp\/v2\/pages\/27","targetHints":{"allow":["GET"]}}],"collection":[{"href":"https:\/\/theaguateques.com\/es\/wp-json\/wp\/v2\/pages"}],"about":[{"href":"https:\/\/theaguateques.com\/es\/wp-json\/wp\/v2\/types\/page"}],"author":[{"embeddable":true,"href":"https:\/\/theaguateques.com\/es\/wp-json\/wp\/v2\/users\/1"}],"replies":[{"embeddable":true,"href":"https:\/\/theaguateques.com\/es\/wp-json\/wp\/v2\/comments?post=27"}],"version-history":[{"count":34,"href":"https:\/\/theaguateques.com\/es\/wp-json\/wp\/v2\/pages\/27\/revisions"}],"predecessor-version":[{"id":298,"href":"https:\/\/theaguateques.com\/es\/wp-json\/wp\/v2\/pages\/27\/revisions\/298"}],"wp:attachment":[{"href":"https:\/\/theaguateques.com\/es\/wp-json\/wp\/v2\/media?parent=27"}],"curies":[{"name":"wp","href":"https:\/\/api.w.org\/{rel}","templated":true}]}}